{"id":10,"date":"2020-11-26T15:43:25","date_gmt":"2020-11-26T15:43:25","guid":{"rendered":"https:\/\/bastardburgers.com\/no\/?page_id=10"},"modified":"2024-08-06T10:37:48","modified_gmt":"2024-08-06T10:37:48","slug":"restauranter","status":"publish","type":"page","link":"https:\/\/bastardburgers.com\/no\/restauranter\/","title":{"rendered":"Restauranter"},"content":{"rendered":"","protected":false},"excerpt":{"rendered":"","protected":false},"author":1,"featured_media":0,"parent":0,"menu_order":0,"comment_status":"closed","ping_status":"closed","template":"page-restaurants.php","meta":{"_acf_changed":false,"footnotes":""},"class_list":["post-10","page","type-page","status-publish","hentry"],"acf":[],"yoast_head":"<!-- This site is optimized with the Yoast SEO plugin v27.5 - https:\/\/yoast.com\/product\/yoast-seo-wordpress\/ -->\n<title>Restauranter - burgere og streetfood - Bastard Burgers<\/title>\n<meta name=\"description\" content=\"Finn en Bastard Burgers-restaurant i n\u00e6rheten. Se meny og priser. Eller foresl\u00e5 hvor du skal \u00e5pne neste.\" \/>\n<meta name=\"robots\" content=\"index, follow, max-snippet:-1, max-image-preview:large, max-video-preview:-1\" \/>\n<link rel=\"canonical\" href=\"https:\/\/bastardburgers.com\/no\/restauranter\/\" \/>\n<meta property=\"og:locale\" content=\"nb_NO\" \/>\n<meta property=\"og:type\" content=\"article\" \/>\n<meta property=\"og:title\" content=\"Restauranter - burgere og streetfood - Bastard Burgers\" \/>\n<meta property=\"og:description\" content=\"Finn en Bastard Burgers-restaurant i n\u00e6rheten. Se meny og priser. Eller foresl\u00e5 hvor du skal \u00e5pne neste.\" \/>\n<meta property=\"og:url\" content=\"https:\/\/bastardburgers.com\/no\/restauranter\/\" \/>\n<meta property=\"og:site_name\" content=\"Bastard Burgers\" \/>\n<meta property=\"article:modified_time\" content=\"2024-08-06T10:37:48+00:00\" \/>\n<meta property=\"og:image\" content=\"https:\/\/bastardburgers.com\/no\/wp-content\/uploads\/2021\/03\/seo.jpg\" \/>\n\t<meta property=\"og:image:width\" content=\"1200\" \/>\n\t<meta property=\"og:image:height\" content=\"630\" \/><meta property=\"og:image\" content=\"https:\/\/images.ohmyhosting.se\/kRAsFQ4L-8LF9Y2CGSi8NmCk2bs=\/1200x630\/smart\/filters:quality(85)\/\" \/>\n\t<meta property=\"og:image:width\" content=\"1200\" \/>\n\t<meta property=\"og:image:height\" content=\"630\" \/>\n<meta name=\"twitter:card\" content=\"summary_large_image\" \/>\n<script type=\"application\/ld+json\" class=\"yoast-schema-graph\">{\"@context\":\"https:\\\/\\\/schema.org\",\"@graph\":[{\"@type\":\"WebPage\",\"@id\":\"https:\\\/\\\/bastardburgers.com\\\/no\\\/restauranter\\\/\",\"url\":\"https:\\\/\\\/bastardburgers.com\\\/no\\\/restauranter\\\/\",\"name\":\"Restauranter - burgere og streetfood - Bastard Burgers\",\"isPartOf\":{\"@id\":\"https:\\\/\\\/bastardburgers.com\\\/no\\\/#website\"},\"datePublished\":\"2020-11-26T15:43:25+00:00\",\"dateModified\":\"2024-08-06T10:37:48+00:00\",\"description\":\"Finn en Bastard Burgers-restaurant i n\u00e6rheten. Se meny og priser. Eller foresl\u00e5 hvor du skal \u00e5pne neste.\",\"breadcrumb\":{\"@id\":\"https:\\\/\\\/bastardburgers.com\\\/no\\\/restauranter\\\/#breadcrumb\"},\"inLanguage\":\"nb-NO\",\"potentialAction\":[{\"@type\":\"ReadAction\",\"target\":[\"https:\\\/\\\/bastardburgers.com\\\/no\\\/restauranter\\\/\"]}]},{\"@type\":\"BreadcrumbList\",\"@id\":\"https:\\\/\\\/bastardburgers.com\\\/no\\\/restauranter\\\/#breadcrumb\",\"itemListElement\":[{\"@type\":\"ListItem\",\"position\":1,\"name\":\"Home\",\"item\":\"https:\\\/\\\/bastardburgers.com\\\/no\\\/\"},{\"@type\":\"ListItem\",\"position\":2,\"name\":\"Restauranter\"}]},{\"@type\":\"WebSite\",\"@id\":\"https:\\\/\\\/bastardburgers.com\\\/no\\\/#website\",\"url\":\"https:\\\/\\\/bastardburgers.com\\\/no\\\/\",\"name\":\"Bastard Burgers\",\"description\":\"Med inspiration fr\u00e5n New York och r\u00f6tterna i Norrland levererar Bastard Burgers Sveriges b\u00e4sta hamburgare. V\u00e4lkommen!\",\"potentialAction\":[{\"@type\":\"SearchAction\",\"target\":{\"@type\":\"EntryPoint\",\"urlTemplate\":\"https:\\\/\\\/bastardburgers.com\\\/no\\\/?s={search_term_string}\"},\"query-input\":{\"@type\":\"PropertyValueSpecification\",\"valueRequired\":true,\"valueName\":\"search_term_string\"}}],\"inLanguage\":\"nb-NO\"}]}<\/script>\n<!-- \/ Yoast SEO plugin. -->","yoast_head_json":{"title":"Restauranter - burgere og streetfood - Bastard Burgers","description":"Finn en Bastard Burgers-restaurant i n\u00e6rheten. Se meny og priser. Eller foresl\u00e5 hvor du skal \u00e5pne neste.","robots":{"index":"index","follow":"follow","max-snippet":"max-snippet:-1","max-image-preview":"max-image-preview:large","max-video-preview":"max-video-preview:-1"},"canonical":"https:\/\/bastardburgers.com\/no\/restauranter\/","og_locale":"nb_NO","og_type":"article","og_title":"Restauranter - burgere og streetfood - Bastard Burgers","og_description":"Finn en Bastard Burgers-restaurant i n\u00e6rheten. Se meny og priser. Eller foresl\u00e5 hvor du skal \u00e5pne neste.","og_url":"https:\/\/bastardburgers.com\/no\/restauranter\/","og_site_name":"Bastard Burgers","article_modified_time":"2024-08-06T10:37:48+00:00","og_image":[{"url":"https:\/\/bastardburgers.com\/no\/wp-content\/uploads\/2021\/03\/seo.jpg","height":630,"width":1200,"type":""},{"url":"https:\/\/images.ohmyhosting.se\/kRAsFQ4L-8LF9Y2CGSi8NmCk2bs=\/1200x630\/smart\/filters:quality(85)\/","height":630,"width":1200,"type":""}],"twitter_card":"summary_large_image","schema":{"@context":"https:\/\/schema.org","@graph":[{"@type":"WebPage","@id":"https:\/\/bastardburgers.com\/no\/restauranter\/","url":"https:\/\/bastardburgers.com\/no\/restauranter\/","name":"Restauranter - burgere og streetfood - Bastard Burgers","isPartOf":{"@id":"https:\/\/bastardburgers.com\/no\/#website"},"datePublished":"2020-11-26T15:43:25+00:00","dateModified":"2024-08-06T10:37:48+00:00","description":"Finn en Bastard Burgers-restaurant i n\u00e6rheten. Se meny og priser. Eller foresl\u00e5 hvor du skal \u00e5pne neste.","breadcrumb":{"@id":"https:\/\/bastardburgers.com\/no\/restauranter\/#breadcrumb"},"inLanguage":"nb-NO","potentialAction":[{"@type":"ReadAction","target":["https:\/\/bastardburgers.com\/no\/restauranter\/"]}]},{"@type":"BreadcrumbList","@id":"https:\/\/bastardburgers.com\/no\/restauranter\/#breadcrumb","itemListElement":[{"@type":"ListItem","position":1,"name":"Home","item":"https:\/\/bastardburgers.com\/no\/"},{"@type":"ListItem","position":2,"name":"Restauranter"}]},{"@type":"WebSite","@id":"https:\/\/bastardburgers.com\/no\/#website","url":"https:\/\/bastardburgers.com\/no\/","name":"Bastard Burgers","description":"Med inspiration fr\u00e5n New York och r\u00f6tterna i Norrland levererar Bastard Burgers Sveriges b\u00e4sta hamburgare. V\u00e4lkommen!","potentialAction":[{"@type":"SearchAction","target":{"@type":"EntryPoint","urlTemplate":"https:\/\/bastardburgers.com\/no\/?s={search_term_string}"},"query-input":{"@type":"PropertyValueSpecification","valueRequired":true,"valueName":"search_term_string"}}],"inLanguage":"nb-NO"}]}},"_links":{"self":[{"href":"https:\/\/bastardburgers.com\/no\/wp-json\/wp\/v2\/pages\/10","targetHints":{"allow":["GET"]}}],"collection":[{"href":"https:\/\/bastardburgers.com\/no\/wp-json\/wp\/v2\/pages"}],"about":[{"href":"https:\/\/bastardburgers.com\/no\/wp-json\/wp\/v2\/types\/page"}],"author":[{"embeddable":true,"href":"https:\/\/bastardburgers.com\/no\/wp-json\/wp\/v2\/users\/1"}],"replies":[{"embeddable":true,"href":"https:\/\/bastardburgers.com\/no\/wp-json\/wp\/v2\/comments?post=10"}],"version-history":[{"count":34,"href":"https:\/\/bastardburgers.com\/no\/wp-json\/wp\/v2\/pages\/10\/revisions"}],"predecessor-version":[{"id":1655,"href":"https:\/\/bastardburgers.com\/no\/wp-json\/wp\/v2\/pages\/10\/revisions\/1655"}],"wp:attachment":[{"href":"https:\/\/bastardburgers.com\/no\/wp-json\/wp\/v2\/media?parent=10"}],"curies":[{"name":"wp","href":"https:\/\/api.w.org\/{rel}","templated":true}]}}