{"id":130,"date":"2020-12-11T16:56:53","date_gmt":"2020-12-11T16:56:53","guid":{"rendered":"https:\/\/bastardburgers.com\/no\/?page_id=130"},"modified":"2022-01-10T12:32:18","modified_gmt":"2022-01-10T12:32:18","slug":"om-oss","status":"publish","type":"page","link":"https:\/\/bastardburgers.com\/no\/om-oss\/","title":{"rendered":"Om oss"},"content":{"rendered":"","protected":false},"excerpt":{"rendered":"","protected":false},"author":1,"featured_media":0,"parent":0,"menu_order":0,"comment_status":"closed","ping_status":"closed","template":"page-about-us.php","meta":{"_acf_changed":false,"footnotes":""},"class_list":["post-130","page","type-page","status-publish","hentry"],"acf":[],"yoast_head":"<!-- This site is optimized with the Yoast SEO plugin v27.4 - https:\/\/yoast.com\/product\/yoast-seo-wordpress\/ -->\n<title>Om oss - Bastard Burgers<\/title>\n<meta name=\"description\" content=\"Vi serverer premium street food med inspirasjon fra New York og kvalitetskj\u00f8tt fra Norge.\" \/>\n<meta name=\"robots\" content=\"index, follow, max-snippet:-1, max-image-preview:large, max-video-preview:-1\" \/>\n<link rel=\"canonical\" href=\"https:\/\/bastardburgers.com\/no\/om-oss\/\" \/>\n<meta property=\"og:locale\" content=\"nb_NO\" \/>\n<meta property=\"og:type\" content=\"article\" \/>\n<meta property=\"og:title\" content=\"Om oss - Bastard Burgers\" \/>\n<meta property=\"og:description\" content=\"Vi serverer premium street food med inspirasjon fra New York og kvalitetskj\u00f8tt fra Norge.\" \/>\n<meta property=\"og:url\" content=\"https:\/\/bastardburgers.com\/no\/om-oss\/\" \/>\n<meta property=\"og:site_name\" content=\"Bastard Burgers\" \/>\n<meta property=\"article:modified_time\" content=\"2022-01-10T12:32:18+00:00\" \/>\n<meta property=\"og:image\" content=\"https:\/\/bastardburgers.com\/no\/wp-content\/uploads\/2021\/03\/seo.jpg\" \/>\n\t<meta property=\"og:image:width\" content=\"1200\" \/>\n\t<meta property=\"og:image:height\" content=\"630\" \/><meta property=\"og:image\" content=\"https:\/\/images.ohmyhosting.se\/kRAsFQ4L-8LF9Y2CGSi8NmCk2bs=\/1200x630\/smart\/filters:quality(85)\/\" \/>\n\t<meta property=\"og:image:width\" content=\"1200\" \/>\n\t<meta property=\"og:image:height\" content=\"630\" \/>\n<meta name=\"twitter:card\" content=\"summary_large_image\" \/>\n<script type=\"application\/ld+json\" class=\"yoast-schema-graph\">{\"@context\":\"https:\\\/\\\/schema.org\",\"@graph\":[{\"@type\":\"WebPage\",\"@id\":\"https:\\\/\\\/bastardburgers.com\\\/no\\\/om-oss\\\/\",\"url\":\"https:\\\/\\\/bastardburgers.com\\\/no\\\/om-oss\\\/\",\"name\":\"Om oss - Bastard Burgers\",\"isPartOf\":{\"@id\":\"https:\\\/\\\/bastardburgers.com\\\/no\\\/#website\"},\"datePublished\":\"2020-12-11T16:56:53+00:00\",\"dateModified\":\"2022-01-10T12:32:18+00:00\",\"description\":\"Vi serverer premium street food med inspirasjon fra New York og kvalitetskj\u00f8tt fra Norge.\",\"breadcrumb\":{\"@id\":\"https:\\\/\\\/bastardburgers.com\\\/no\\\/om-oss\\\/#breadcrumb\"},\"inLanguage\":\"nb-NO\",\"potentialAction\":[{\"@type\":\"ReadAction\",\"target\":[\"https:\\\/\\\/bastardburgers.com\\\/no\\\/om-oss\\\/\"]}]},{\"@type\":\"BreadcrumbList\",\"@id\":\"https:\\\/\\\/bastardburgers.com\\\/no\\\/om-oss\\\/#breadcrumb\",\"itemListElement\":[{\"@type\":\"ListItem\",\"position\":1,\"name\":\"Home\",\"item\":\"https:\\\/\\\/bastardburgers.com\\\/no\\\/\"},{\"@type\":\"ListItem\",\"position\":2,\"name\":\"Om oss\"}]},{\"@type\":\"WebSite\",\"@id\":\"https:\\\/\\\/bastardburgers.com\\\/no\\\/#website\",\"url\":\"https:\\\/\\\/bastardburgers.com\\\/no\\\/\",\"name\":\"Bastard Burgers\",\"description\":\"Med inspiration fr\u00e5n New York och r\u00f6tterna i Norrland levererar Bastard Burgers Sveriges b\u00e4sta hamburgare. V\u00e4lkommen!\",\"potentialAction\":[{\"@type\":\"SearchAction\",\"target\":{\"@type\":\"EntryPoint\",\"urlTemplate\":\"https:\\\/\\\/bastardburgers.com\\\/no\\\/?s={search_term_string}\"},\"query-input\":{\"@type\":\"PropertyValueSpecification\",\"valueRequired\":true,\"valueName\":\"search_term_string\"}}],\"inLanguage\":\"nb-NO\"}]}<\/script>\n<!-- \/ Yoast SEO plugin. -->","yoast_head_json":{"title":"Om oss - Bastard Burgers","description":"Vi serverer premium street food med inspirasjon fra New York og kvalitetskj\u00f8tt fra Norge.","robots":{"index":"index","follow":"follow","max-snippet":"max-snippet:-1","max-image-preview":"max-image-preview:large","max-video-preview":"max-video-preview:-1"},"canonical":"https:\/\/bastardburgers.com\/no\/om-oss\/","og_locale":"nb_NO","og_type":"article","og_title":"Om oss - Bastard Burgers","og_description":"Vi serverer premium street food med inspirasjon fra New York og kvalitetskj\u00f8tt fra Norge.","og_url":"https:\/\/bastardburgers.com\/no\/om-oss\/","og_site_name":"Bastard Burgers","article_modified_time":"2022-01-10T12:32:18+00:00","og_image":[{"url":"https:\/\/bastardburgers.com\/no\/wp-content\/uploads\/2021\/03\/seo.jpg","height":630,"width":1200,"type":""},{"url":"https:\/\/images.ohmyhosting.se\/kRAsFQ4L-8LF9Y2CGSi8NmCk2bs=\/1200x630\/smart\/filters:quality(85)\/","height":630,"width":1200,"type":""}],"twitter_card":"summary_large_image","schema":{"@context":"https:\/\/schema.org","@graph":[{"@type":"WebPage","@id":"https:\/\/bastardburgers.com\/no\/om-oss\/","url":"https:\/\/bastardburgers.com\/no\/om-oss\/","name":"Om oss - Bastard Burgers","isPartOf":{"@id":"https:\/\/bastardburgers.com\/no\/#website"},"datePublished":"2020-12-11T16:56:53+00:00","dateModified":"2022-01-10T12:32:18+00:00","description":"Vi serverer premium street food med inspirasjon fra New York og kvalitetskj\u00f8tt fra Norge.","breadcrumb":{"@id":"https:\/\/bastardburgers.com\/no\/om-oss\/#breadcrumb"},"inLanguage":"nb-NO","potentialAction":[{"@type":"ReadAction","target":["https:\/\/bastardburgers.com\/no\/om-oss\/"]}]},{"@type":"BreadcrumbList","@id":"https:\/\/bastardburgers.com\/no\/om-oss\/#breadcrumb","itemListElement":[{"@type":"ListItem","position":1,"name":"Home","item":"https:\/\/bastardburgers.com\/no\/"},{"@type":"ListItem","position":2,"name":"Om oss"}]},{"@type":"WebSite","@id":"https:\/\/bastardburgers.com\/no\/#website","url":"https:\/\/bastardburgers.com\/no\/","name":"Bastard Burgers","description":"Med inspiration fr\u00e5n New York och r\u00f6tterna i Norrland levererar Bastard Burgers Sveriges b\u00e4sta hamburgare. V\u00e4lkommen!","potentialAction":[{"@type":"SearchAction","target":{"@type":"EntryPoint","urlTemplate":"https:\/\/bastardburgers.com\/no\/?s={search_term_string}"},"query-input":{"@type":"PropertyValueSpecification","valueRequired":true,"valueName":"search_term_string"}}],"inLanguage":"nb-NO"}]}},"_links":{"self":[{"href":"https:\/\/bastardburgers.com\/no\/wp-json\/wp\/v2\/pages\/130","targetHints":{"allow":["GET"]}}],"collection":[{"href":"https:\/\/bastardburgers.com\/no\/wp-json\/wp\/v2\/pages"}],"about":[{"href":"https:\/\/bastardburgers.com\/no\/wp-json\/wp\/v2\/types\/page"}],"author":[{"embeddable":true,"href":"https:\/\/bastardburgers.com\/no\/wp-json\/wp\/v2\/users\/1"}],"replies":[{"embeddable":true,"href":"https:\/\/bastardburgers.com\/no\/wp-json\/wp\/v2\/comments?post=130"}],"version-history":[{"count":86,"href":"https:\/\/bastardburgers.com\/no\/wp-json\/wp\/v2\/pages\/130\/revisions"}],"predecessor-version":[{"id":1178,"href":"https:\/\/bastardburgers.com\/no\/wp-json\/wp\/v2\/pages\/130\/revisions\/1178"}],"wp:attachment":[{"href":"https:\/\/bastardburgers.com\/no\/wp-json\/wp\/v2\/media?parent=130"}],"curies":[{"name":"wp","href":"https:\/\/api.w.org\/{rel}","templated":true}]}}