{"id":6,"date":"2020-11-23T10:28:06","date_gmt":"2020-11-23T10:28:06","guid":{"rendered":"https:\/\/bastardburgers.com\/no\/?page_id=6"},"modified":"2024-09-30T12:08:38","modified_gmt":"2024-09-30T12:08:38","slug":"startsidan","status":"publish","type":"page","link":"https:\/\/bastardburgers.com\/no\/","title":{"rendered":"Startsidan"},"content":{"rendered":"","protected":false},"excerpt":{"rendered":"","protected":false},"author":1,"featured_media":0,"parent":0,"menu_order":0,"comment_status":"closed","ping_status":"closed","template":"page-start.php","meta":{"_acf_changed":false,"footnotes":""},"class_list":["post-6","page","type-page","status-publish","hentry"],"acf":[],"yoast_head":"<!-- This site is optimized with the Yoast SEO plugin v27.5 - https:\/\/yoast.com\/product\/yoast-seo-wordpress\/ -->\n<title>Bastard Burgers - Street food Like a Bastard\u2122<\/title>\n<meta name=\"description\" content=\"Premium street food fra Sverige inspirert av New York, med kj\u00e6rlighet og respekt for skikkelig gode r\u00e5varer. Treat yo\u2019self.\" \/>\n<meta name=\"robots\" content=\"index, follow, max-snippet:-1, max-image-preview:large, max-video-preview:-1\" \/>\n<link rel=\"canonical\" href=\"https:\/\/bastardburgers.com\/no\/\" \/>\n<meta property=\"og:locale\" content=\"nb_NO\" \/>\n<meta property=\"og:type\" content=\"article\" \/>\n<meta property=\"og:title\" content=\"Bastard Burgers - Street food Like a Bastard\u2122\" \/>\n<meta property=\"og:description\" content=\"Premium street food fra Sverige inspirert av New York, med kj\u00e6rlighet og respekt for skikkelig gode r\u00e5varer. Treat yo\u2019self.\" \/>\n<meta property=\"og:url\" content=\"https:\/\/bastardburgers.com\/no\/\" \/>\n<meta property=\"og:site_name\" content=\"Bastard Burgers\" \/>\n<meta property=\"article:modified_time\" content=\"2024-09-30T12:08:38+00:00\" \/>\n<meta property=\"og:image\" content=\"https:\/\/bastardburgers.com\/no\/wp-content\/uploads\/2021\/03\/seo.jpg\" \/>\n\t<meta property=\"og:image:width\" content=\"1200\" \/>\n\t<meta property=\"og:image:height\" content=\"630\" \/>\n<meta name=\"twitter:card\" content=\"summary_large_image\" \/>\n<script type=\"application\/ld+json\" class=\"yoast-schema-graph\">{\"@context\":\"https:\\\/\\\/schema.org\",\"@graph\":[{\"@type\":\"WebPage\",\"@id\":\"https:\\\/\\\/bastardburgers.com\\\/no\\\/\",\"url\":\"https:\\\/\\\/bastardburgers.com\\\/no\\\/\",\"name\":\"Bastard Burgers - Street food Like a Bastard\u2122\",\"isPartOf\":{\"@id\":\"https:\\\/\\\/bastardburgers.com\\\/no\\\/#website\"},\"datePublished\":\"2020-11-23T10:28:06+00:00\",\"dateModified\":\"2024-09-30T12:08:38+00:00\",\"description\":\"Premium street food fra Sverige inspirert av New York, med kj\u00e6rlighet og respekt for skikkelig gode r\u00e5varer. Treat yo\u2019self.\",\"breadcrumb\":{\"@id\":\"https:\\\/\\\/bastardburgers.com\\\/no\\\/#breadcrumb\"},\"inLanguage\":\"nb-NO\",\"potentialAction\":[{\"@type\":\"ReadAction\",\"target\":[\"https:\\\/\\\/bastardburgers.com\\\/no\\\/\"]}]},{\"@type\":\"BreadcrumbList\",\"@id\":\"https:\\\/\\\/bastardburgers.com\\\/no\\\/#breadcrumb\",\"itemListElement\":[{\"@type\":\"ListItem\",\"position\":1,\"name\":\"Home\",\"item\":\"https:\\\/\\\/bastardburgers.com\\\/no\\\/\"},{\"@type\":\"ListItem\",\"position\":2,\"name\":\"Startsidan\"}]},{\"@type\":\"WebSite\",\"@id\":\"https:\\\/\\\/bastardburgers.com\\\/no\\\/#website\",\"url\":\"https:\\\/\\\/bastardburgers.com\\\/no\\\/\",\"name\":\"Bastard Burgers\",\"description\":\"Med inspiration fr\u00e5n New York och r\u00f6tterna i Norrland levererar Bastard Burgers Sveriges b\u00e4sta hamburgare. V\u00e4lkommen!\",\"potentialAction\":[{\"@type\":\"SearchAction\",\"target\":{\"@type\":\"EntryPoint\",\"urlTemplate\":\"https:\\\/\\\/bastardburgers.com\\\/no\\\/?s={search_term_string}\"},\"query-input\":{\"@type\":\"PropertyValueSpecification\",\"valueRequired\":true,\"valueName\":\"search_term_string\"}}],\"inLanguage\":\"nb-NO\"}]}<\/script>\n<!-- \/ Yoast SEO plugin. -->","yoast_head_json":{"title":"Bastard Burgers - Street food Like a Bastard\u2122","description":"Premium street food fra Sverige inspirert av New York, med kj\u00e6rlighet og respekt for skikkelig gode r\u00e5varer. Treat yo\u2019self.","robots":{"index":"index","follow":"follow","max-snippet":"max-snippet:-1","max-image-preview":"max-image-preview:large","max-video-preview":"max-video-preview:-1"},"canonical":"https:\/\/bastardburgers.com\/no\/","og_locale":"nb_NO","og_type":"article","og_title":"Bastard Burgers - Street food Like a Bastard\u2122","og_description":"Premium street food fra Sverige inspirert av New York, med kj\u00e6rlighet og respekt for skikkelig gode r\u00e5varer. Treat yo\u2019self.","og_url":"https:\/\/bastardburgers.com\/no\/","og_site_name":"Bastard Burgers","article_modified_time":"2024-09-30T12:08:38+00:00","og_image":[{"url":"https:\/\/bastardburgers.com\/no\/wp-content\/uploads\/2021\/03\/seo.jpg","height":630,"width":1200,"type":""}],"twitter_card":"summary_large_image","schema":{"@context":"https:\/\/schema.org","@graph":[{"@type":"WebPage","@id":"https:\/\/bastardburgers.com\/no\/","url":"https:\/\/bastardburgers.com\/no\/","name":"Bastard Burgers - Street food Like a Bastard\u2122","isPartOf":{"@id":"https:\/\/bastardburgers.com\/no\/#website"},"datePublished":"2020-11-23T10:28:06+00:00","dateModified":"2024-09-30T12:08:38+00:00","description":"Premium street food fra Sverige inspirert av New York, med kj\u00e6rlighet og respekt for skikkelig gode r\u00e5varer. Treat yo\u2019self.","breadcrumb":{"@id":"https:\/\/bastardburgers.com\/no\/#breadcrumb"},"inLanguage":"nb-NO","potentialAction":[{"@type":"ReadAction","target":["https:\/\/bastardburgers.com\/no\/"]}]},{"@type":"BreadcrumbList","@id":"https:\/\/bastardburgers.com\/no\/#breadcrumb","itemListElement":[{"@type":"ListItem","position":1,"name":"Home","item":"https:\/\/bastardburgers.com\/no\/"},{"@type":"ListItem","position":2,"name":"Startsidan"}]},{"@type":"WebSite","@id":"https:\/\/bastardburgers.com\/no\/#website","url":"https:\/\/bastardburgers.com\/no\/","name":"Bastard Burgers","description":"Med inspiration fr\u00e5n New York och r\u00f6tterna i Norrland levererar Bastard Burgers Sveriges b\u00e4sta hamburgare. V\u00e4lkommen!","potentialAction":[{"@type":"SearchAction","target":{"@type":"EntryPoint","urlTemplate":"https:\/\/bastardburgers.com\/no\/?s={search_term_string}"},"query-input":{"@type":"PropertyValueSpecification","valueRequired":true,"valueName":"search_term_string"}}],"inLanguage":"nb-NO"}]}},"_links":{"self":[{"href":"https:\/\/bastardburgers.com\/no\/wp-json\/wp\/v2\/pages\/6","targetHints":{"allow":["GET"]}}],"collection":[{"href":"https:\/\/bastardburgers.com\/no\/wp-json\/wp\/v2\/pages"}],"about":[{"href":"https:\/\/bastardburgers.com\/no\/wp-json\/wp\/v2\/types\/page"}],"author":[{"embeddable":true,"href":"https:\/\/bastardburgers.com\/no\/wp-json\/wp\/v2\/users\/1"}],"replies":[{"embeddable":true,"href":"https:\/\/bastardburgers.com\/no\/wp-json\/wp\/v2\/comments?post=6"}],"version-history":[{"count":148,"href":"https:\/\/bastardburgers.com\/no\/wp-json\/wp\/v2\/pages\/6\/revisions"}],"predecessor-version":[{"id":1720,"href":"https:\/\/bastardburgers.com\/no\/wp-json\/wp\/v2\/pages\/6\/revisions\/1720"}],"wp:attachment":[{"href":"https:\/\/bastardburgers.com\/no\/wp-json\/wp\/v2\/media?parent=6"}],"curies":[{"name":"wp","href":"https:\/\/api.w.org\/{rel}","templated":true}]}}