{"id":726,"date":"2021-02-24T09:41:25","date_gmt":"2021-02-24T09:41:25","guid":{"rendered":"https:\/\/bastardburgers.com\/no\/?page_id=726"},"modified":"2021-06-01T12:51:59","modified_gmt":"2021-06-01T12:51:59","slug":"collaboration","status":"publish","type":"page","link":"https:\/\/bastardburgers.com\/no\/collaboration\/","title":{"rendered":"Collaboration"},"content":{"rendered":"<p class=\"p1\">Vi st\u00f8tter der det er behov og i emnene, prosjektene eller menneskene vi brenner for. Et stabilt, gjensidig og givende forhold skal v\u00e6re like viktig for deg som det er for oss.<\/p>\n<p class=\"p1\">Bastard Burgers st\u00f8tter gjerne kultur, musikk, spesielle samfunnssp\u00f8rsm\u00e5l og idrettsut\u00f8vere som for tiden f\u00e5r for lite oppmerksomhet og tro. Vi sponser ikke elitelag, men gjerne barne- og ungdomsinitiativer. Og for oss er det ikke et legitimt samarbeid \u00e5 tilby mat og drikke i h\u00e5p om likes p\u00e5 Instagram, b\u00e5de du og vi kan gj\u00f8re det bedre.<\/p>\n","protected":false},"excerpt":{"rendered":"<p>Vi st\u00f8tter der det er behov og i emnene, prosjektene eller menneskene vi brenner for. Et stabilt, gjensidig og givende forhold skal v\u00e6re like viktig for deg som det er&#8230;<\/p>\n","protected":false},"author":2,"featured_media":0,"parent":0,"menu_order":0,"comment_status":"closed","ping_status":"closed","template":"page-sponsor.php","meta":{"_acf_changed":false,"footnotes":""},"class_list":["post-726","page","type-page","status-publish","hentry"],"acf":[],"yoast_head":"<!-- This site is optimized with the Yoast SEO plugin v27.5 - https:\/\/yoast.com\/product\/yoast-seo-wordpress\/ -->\n<title>Collaboration - samarbeid og sponsing - Bastard Burgers<\/title>\n<meta name=\"robots\" content=\"index, follow, max-snippet:-1, max-image-preview:large, max-video-preview:-1\" \/>\n<link rel=\"canonical\" href=\"https:\/\/bastardburgers.com\/no\/collaboration\/\" \/>\n<meta property=\"og:locale\" content=\"nb_NO\" \/>\n<meta property=\"og:type\" content=\"article\" \/>\n<meta property=\"og:title\" content=\"Collaboration - samarbeid og sponsing - Bastard Burgers\" \/>\n<meta property=\"og:description\" content=\"Vi st\u00f8tter der det er behov og i emnene, prosjektene eller menneskene vi brenner for. Et stabilt, gjensidig og givende forhold skal v\u00e6re like viktig for deg som det er...\" \/>\n<meta property=\"og:url\" content=\"https:\/\/bastardburgers.com\/no\/collaboration\/\" \/>\n<meta property=\"og:site_name\" content=\"Bastard Burgers\" \/>\n<meta property=\"article:modified_time\" content=\"2021-06-01T12:51:59+00:00\" \/>\n<meta property=\"og:image\" content=\"https:\/\/bastardburgers.com\/no\/wp-content\/uploads\/2021\/03\/seo.jpg\" \/>\n\t<meta property=\"og:image:width\" content=\"1200\" \/>\n\t<meta property=\"og:image:height\" content=\"630\" \/>\n<meta name=\"twitter:card\" content=\"summary_large_image\" \/>\n<meta name=\"twitter:label1\" content=\"Est. reading time\" \/>\n\t<meta name=\"twitter:data1\" content=\"1 minutt\" \/>\n<script type=\"application\/ld+json\" class=\"yoast-schema-graph\">{\"@context\":\"https:\\\/\\\/schema.org\",\"@graph\":[{\"@type\":\"WebPage\",\"@id\":\"https:\\\/\\\/bastardburgers.com\\\/no\\\/collaboration\\\/\",\"url\":\"https:\\\/\\\/bastardburgers.com\\\/no\\\/collaboration\\\/\",\"name\":\"Collaboration - samarbeid og sponsing - Bastard Burgers\",\"isPartOf\":{\"@id\":\"https:\\\/\\\/bastardburgers.com\\\/no\\\/#website\"},\"datePublished\":\"2021-02-24T09:41:25+00:00\",\"dateModified\":\"2021-06-01T12:51:59+00:00\",\"breadcrumb\":{\"@id\":\"https:\\\/\\\/bastardburgers.com\\\/no\\\/collaboration\\\/#breadcrumb\"},\"inLanguage\":\"nb-NO\",\"potentialAction\":[{\"@type\":\"ReadAction\",\"target\":[\"https:\\\/\\\/bastardburgers.com\\\/no\\\/collaboration\\\/\"]}]},{\"@type\":\"BreadcrumbList\",\"@id\":\"https:\\\/\\\/bastardburgers.com\\\/no\\\/collaboration\\\/#breadcrumb\",\"itemListElement\":[{\"@type\":\"ListItem\",\"position\":1,\"name\":\"Home\",\"item\":\"https:\\\/\\\/bastardburgers.com\\\/no\\\/\"},{\"@type\":\"ListItem\",\"position\":2,\"name\":\"Collaboration\"}]},{\"@type\":\"WebSite\",\"@id\":\"https:\\\/\\\/bastardburgers.com\\\/no\\\/#website\",\"url\":\"https:\\\/\\\/bastardburgers.com\\\/no\\\/\",\"name\":\"Bastard Burgers\",\"description\":\"Med inspiration fr\u00e5n New York och r\u00f6tterna i Norrland levererar Bastard Burgers Sveriges b\u00e4sta hamburgare. V\u00e4lkommen!\",\"potentialAction\":[{\"@type\":\"SearchAction\",\"target\":{\"@type\":\"EntryPoint\",\"urlTemplate\":\"https:\\\/\\\/bastardburgers.com\\\/no\\\/?s={search_term_string}\"},\"query-input\":{\"@type\":\"PropertyValueSpecification\",\"valueRequired\":true,\"valueName\":\"search_term_string\"}}],\"inLanguage\":\"nb-NO\"}]}<\/script>\n<!-- \/ Yoast SEO plugin. -->","yoast_head_json":{"title":"Collaboration - samarbeid og sponsing - Bastard Burgers","robots":{"index":"index","follow":"follow","max-snippet":"max-snippet:-1","max-image-preview":"max-image-preview:large","max-video-preview":"max-video-preview:-1"},"canonical":"https:\/\/bastardburgers.com\/no\/collaboration\/","og_locale":"nb_NO","og_type":"article","og_title":"Collaboration - samarbeid og sponsing - Bastard Burgers","og_description":"Vi st\u00f8tter der det er behov og i emnene, prosjektene eller menneskene vi brenner for. Et stabilt, gjensidig og givende forhold skal v\u00e6re like viktig for deg som det er...","og_url":"https:\/\/bastardburgers.com\/no\/collaboration\/","og_site_name":"Bastard Burgers","article_modified_time":"2021-06-01T12:51:59+00:00","og_image":[{"url":"https:\/\/bastardburgers.com\/no\/wp-content\/uploads\/2021\/03\/seo.jpg","height":630,"width":1200,"type":""}],"twitter_card":"summary_large_image","twitter_misc":{"Est. reading time":"1 minutt"},"schema":{"@context":"https:\/\/schema.org","@graph":[{"@type":"WebPage","@id":"https:\/\/bastardburgers.com\/no\/collaboration\/","url":"https:\/\/bastardburgers.com\/no\/collaboration\/","name":"Collaboration - samarbeid og sponsing - Bastard Burgers","isPartOf":{"@id":"https:\/\/bastardburgers.com\/no\/#website"},"datePublished":"2021-02-24T09:41:25+00:00","dateModified":"2021-06-01T12:51:59+00:00","breadcrumb":{"@id":"https:\/\/bastardburgers.com\/no\/collaboration\/#breadcrumb"},"inLanguage":"nb-NO","potentialAction":[{"@type":"ReadAction","target":["https:\/\/bastardburgers.com\/no\/collaboration\/"]}]},{"@type":"BreadcrumbList","@id":"https:\/\/bastardburgers.com\/no\/collaboration\/#breadcrumb","itemListElement":[{"@type":"ListItem","position":1,"name":"Home","item":"https:\/\/bastardburgers.com\/no\/"},{"@type":"ListItem","position":2,"name":"Collaboration"}]},{"@type":"WebSite","@id":"https:\/\/bastardburgers.com\/no\/#website","url":"https:\/\/bastardburgers.com\/no\/","name":"Bastard Burgers","description":"Med inspiration fr\u00e5n New York och r\u00f6tterna i Norrland levererar Bastard Burgers Sveriges b\u00e4sta hamburgare. V\u00e4lkommen!","potentialAction":[{"@type":"SearchAction","target":{"@type":"EntryPoint","urlTemplate":"https:\/\/bastardburgers.com\/no\/?s={search_term_string}"},"query-input":{"@type":"PropertyValueSpecification","valueRequired":true,"valueName":"search_term_string"}}],"inLanguage":"nb-NO"}]}},"_links":{"self":[{"href":"https:\/\/bastardburgers.com\/no\/wp-json\/wp\/v2\/pages\/726","targetHints":{"allow":["GET"]}}],"collection":[{"href":"https:\/\/bastardburgers.com\/no\/wp-json\/wp\/v2\/pages"}],"about":[{"href":"https:\/\/bastardburgers.com\/no\/wp-json\/wp\/v2\/types\/page"}],"author":[{"embeddable":true,"href":"https:\/\/bastardburgers.com\/no\/wp-json\/wp\/v2\/users\/2"}],"replies":[{"embeddable":true,"href":"https:\/\/bastardburgers.com\/no\/wp-json\/wp\/v2\/comments?post=726"}],"version-history":[{"count":10,"href":"https:\/\/bastardburgers.com\/no\/wp-json\/wp\/v2\/pages\/726\/revisions"}],"predecessor-version":[{"id":1049,"href":"https:\/\/bastardburgers.com\/no\/wp-json\/wp\/v2\/pages\/726\/revisions\/1049"}],"wp:attachment":[{"href":"https:\/\/bastardburgers.com\/no\/wp-json\/wp\/v2\/media?parent=726"}],"curies":[{"name":"wp","href":"https:\/\/api.w.org\/{rel}","templated":true}]}}