{"id":165,"date":"2019-08-16T17:21:23","date_gmt":"2019-08-16T15:21:23","guid":{"rendered":"http:\/\/localhost:8000\/?page_id=165"},"modified":"2025-07-21T22:06:42","modified_gmt":"2025-07-21T20:06:42","slug":"faq","status":"publish","type":"page","link":"https:\/\/bastardburgers.com\/shop\/faq\/","title":{"rendered":"Support"},"content":{"rendered":"\r\n<h4 class=\"faq-heading first wp-block-heading\">Vanliga fr\u00e5gor<\/h4>\r\n\r\n\r\n\r\n<div class=\"schema-faq wp-block-yoast-faq-block\">\r\n<div id=\"faq-question-1591696245706\" class=\"schema-faq-section\"><strong class=\"schema-faq-question\">Vad kostar frakten?<\/strong>\r\n<p class=\"schema-faq-answer\">Frakten med DB Schenker kostar 60 kronor.<\/p>\r\n<\/div>\r\n<div id=\"faq-question-1591696849542\" class=\"schema-faq-section\"><strong class=\"schema-faq-question\">Hur l\u00e5ng leveranstid har ni?<\/strong>\r\n<p class=\"schema-faq-answer\">Vi packar och skickar din best\u00e4llning fr\u00e5n Stockholm s\u00e5 snart vi kan. Max inom tre dagar.<\/p>\r\n<\/div>\r\n<div id=\"faq-question-1591696884021\" class=\"schema-faq-section\"><strong class=\"schema-faq-question\">Vilken spedit\u00f6r anv\u00e4nder ni?<\/strong>\r\n<p class=\"schema-faq-answer\">Vi skickar din best\u00e4llning med DB Schenker. Hitta ditt n\u00e4rmaste ombud h\u00e4r: <a href=\"https:\/\/www.dbschenker.com\/se-sv\/om-oss\/kundservice\/soek-ombud\">https:\/\/www.dbschenker.com\/se-sv\/om-oss\/kundservice\/soek-ombud<\/a><\/p>\r\n<\/div>\r\n<div id=\"faq-question-1591698071224\" class=\"schema-faq-section\"><strong class=\"schema-faq-question\">Hur fungerar returer och byten?<\/strong>\r\n<p class=\"schema-faq-answer\">Bytt \u00e4r bytt och kommer aldrig igen. Nej d\u00e5, vi har 14 dagars returpolicy &#8211; du har r\u00e4tt att returnera varor 14 dagar efter leverans. Om du vill byta eller returnera en produkt, maila <a href=\"mailto:shop@bastardburgers.com\">shop@bastardburgers.com<\/a> s\u00e5 l\u00f6ser vi det.<\/p>\r\n<\/div>\r\n<div id=\"faq-question-1591698159303\" class=\"schema-faq-section\"><strong class=\"schema-faq-question\">Hur \u00e4r storlekarna?<\/strong>\r\n<p class=\"schema-faq-answer\">Kl\u00e4derna \u00e4r true to size och i herrstorlekar.<\/p>\r\n<\/div>\r\n<div id=\"faq-question-1591698290347\" class=\"schema-faq-section\"><strong class=\"schema-faq-question\">Var tillverkas kl\u00e4derna och produkterna?<\/strong>\r\n<p class=\"schema-faq-answer\">Under varje produkt hittar du material och ursprung. Hojta om du har fler fr\u00e5gor &#8211; maila <a href=\"mailto:shop@bastardburgers.com\" target=\"_blank\" rel=\"noreferrer noopener\">shop@bastardburgers.com<\/a>!<\/p>\r\n<\/div>\r\n<\/div>\r\n","protected":false},"excerpt":{"rendered":"<p>Vanliga fr\u00e5gor<\/p>\n","protected":false},"author":2,"featured_media":0,"parent":0,"menu_order":0,"comment_status":"closed","ping_status":"closed","template":"page-faq.php","meta":{"_acf_changed":false,"footnotes":""},"class_list":["post-165","page","type-page","status-publish","hentry"],"acf":[],"yoast_head":"<!-- This site is optimized with the Yoast SEO plugin v27.4 - https:\/\/yoast.com\/product\/yoast-seo-wordpress\/ -->\n<title>Support &#8212; Bastard Burgers - Shop<\/title>\n<meta name=\"description\" content=\"F\u00e5 svar p\u00e5 vanliga fr\u00e5gor om frakt, returer, storlekar och leveranstid. Vi hj\u00e4lper dig med allt du undrar \u00f6ver, bara skicka ett mail.\" \/>\n<meta name=\"robots\" content=\"index, follow, max-snippet:-1, max-image-preview:large, max-video-preview:-1\" \/>\n<link rel=\"canonical\" href=\"https:\/\/bastardburgers.com\/shop\/faq\/\" \/>\n<meta property=\"og:locale\" content=\"sv_SE\" \/>\n<meta property=\"og:type\" content=\"article\" \/>\n<meta property=\"og:title\" content=\"Support &#8212; Bastard Burgers - Shop\" \/>\n<meta property=\"og:description\" content=\"F\u00e5 svar p\u00e5 vanliga fr\u00e5gor om frakt, returer, storlekar och leveranstid. Vi hj\u00e4lper dig med allt du undrar \u00f6ver, bara skicka ett mail.\" \/>\n<meta property=\"og:url\" content=\"https:\/\/bastardburgers.com\/shop\/faq\/\" \/>\n<meta property=\"og:site_name\" content=\"Bastard Burgers - Shop\" \/>\n<meta property=\"article:publisher\" content=\"https:\/\/www.facebook.com\/bastardburgers.com\/\" \/>\n<meta property=\"article:modified_time\" content=\"2025-07-21T20:06:42+00:00\" \/>\n<meta property=\"og:image\" content=\"https:\/\/bastardburgers.com\/wp-content\/uploads\/sites\/2\/2019\/08\/bb_fb_logo.jpg\" \/>\n\t<meta property=\"og:image:width\" content=\"1200\" \/>\n\t<meta property=\"og:image:height\" content=\"630\" \/>\n\t<meta property=\"og:image:type\" content=\"image\/jpeg\" \/>\n<meta name=\"twitter:card\" content=\"summary_large_image\" \/>\n<meta name=\"twitter:image\" content=\"https:\/\/bastardburgers.com\/wp-content\/uploads\/sites\/2\/2019\/08\/bb_fb_logo.jpg\" \/>\n<meta name=\"twitter:site\" content=\"@BastardBurgers\" \/>\n<script type=\"application\/ld+json\" class=\"yoast-schema-graph\">{\"@context\":\"https:\\\/\\\/schema.org\",\"@graph\":[{\"@type\":[\"WebPage\",\"FAQPage\"],\"@id\":\"https:\\\/\\\/bastardburgers.com\\\/shop\\\/faq\\\/\",\"url\":\"https:\\\/\\\/bastardburgers.com\\\/shop\\\/faq\\\/\",\"name\":\"Support &#8212; Bastard Burgers - Shop\",\"isPartOf\":{\"@id\":\"https:\\\/\\\/bastardburgers.com\\\/shop\\\/#website\"},\"datePublished\":\"2019-08-16T15:21:23+00:00\",\"dateModified\":\"2025-07-21T20:06:42+00:00\",\"description\":\"F\u00e5 svar p\u00e5 vanliga fr\u00e5gor om frakt, returer, storlekar och leveranstid. Vi hj\u00e4lper dig med allt du undrar \u00f6ver, bara skicka ett mail.\",\"breadcrumb\":{\"@id\":\"https:\\\/\\\/bastardburgers.com\\\/shop\\\/faq\\\/#breadcrumb\"},\"mainEntity\":[{\"@id\":\"https:\\\/\\\/bastardburgers.com\\\/shop\\\/faq\\\/#faq-question-1591696245706\"},{\"@id\":\"https:\\\/\\\/bastardburgers.com\\\/shop\\\/faq\\\/#faq-question-1591696849542\"},{\"@id\":\"https:\\\/\\\/bastardburgers.com\\\/shop\\\/faq\\\/#faq-question-1591696884021\"},{\"@id\":\"https:\\\/\\\/bastardburgers.com\\\/shop\\\/faq\\\/#faq-question-1591698071224\"},{\"@id\":\"https:\\\/\\\/bastardburgers.com\\\/shop\\\/faq\\\/#faq-question-1591698159303\"},{\"@id\":\"https:\\\/\\\/bastardburgers.com\\\/shop\\\/faq\\\/#faq-question-1591698290347\"}],\"inLanguage\":\"sv-SE\",\"potentialAction\":[{\"@type\":\"ReadAction\",\"target\":[\"https:\\\/\\\/bastardburgers.com\\\/shop\\\/faq\\\/\"]}]},{\"@type\":\"BreadcrumbList\",\"@id\":\"https:\\\/\\\/bastardburgers.com\\\/shop\\\/faq\\\/#breadcrumb\",\"itemListElement\":[{\"@type\":\"ListItem\",\"position\":1,\"name\":\"Hem\",\"item\":\"https:\\\/\\\/bastardburgers.com\\\/shop\\\/\"},{\"@type\":\"ListItem\",\"position\":2,\"name\":\"Support\"}]},{\"@type\":\"WebSite\",\"@id\":\"https:\\\/\\\/bastardburgers.com\\\/shop\\\/#website\",\"url\":\"https:\\\/\\\/bastardburgers.com\\\/shop\\\/\",\"name\":\"Bastard Burgers\",\"description\":\"\",\"publisher\":{\"@id\":\"https:\\\/\\\/bastardburgers.com\\\/shop\\\/#organization\"},\"potentialAction\":[{\"@type\":\"SearchAction\",\"target\":{\"@type\":\"EntryPoint\",\"urlTemplate\":\"https:\\\/\\\/bastardburgers.com\\\/shop\\\/?s={search_term_string}\"},\"query-input\":{\"@type\":\"PropertyValueSpecification\",\"valueRequired\":true,\"valueName\":\"search_term_string\"}}],\"inLanguage\":\"sv-SE\"},{\"@type\":\"Organization\",\"@id\":\"https:\\\/\\\/bastardburgers.com\\\/shop\\\/#organization\",\"name\":\"Bastard Burgers\",\"url\":\"https:\\\/\\\/bastardburgers.com\\\/shop\\\/\",\"logo\":{\"@type\":\"ImageObject\",\"inLanguage\":\"sv-SE\",\"@id\":\"https:\\\/\\\/bastardburgers.com\\\/shop\\\/#\\\/schema\\\/logo\\\/image\\\/\",\"url\":\"https:\\\/\\\/bastardburgers.com\\\/wp-content\\\/uploads\\\/sites\\\/2\\\/2019\\\/07\\\/bastardburgers-logo-black.png\",\"contentUrl\":\"https:\\\/\\\/bastardburgers.com\\\/wp-content\\\/uploads\\\/sites\\\/2\\\/2019\\\/07\\\/bastardburgers-logo-black.png\",\"width\":500,\"height\":230,\"caption\":\"Bastard Burgers\"},\"image\":{\"@id\":\"https:\\\/\\\/bastardburgers.com\\\/shop\\\/#\\\/schema\\\/logo\\\/image\\\/\"},\"sameAs\":[\"https:\\\/\\\/www.facebook.com\\\/bastardburgers.com\\\/\",\"https:\\\/\\\/x.com\\\/BastardBurgers\",\"https:\\\/\\\/www.instagram.com\\\/bastardburgers.com\\\/\",\"https:\\\/\\\/se.linkedin.com\\\/company\\\/bastard-burgers\",\"https:\\\/\\\/www.youtube.com\\\/channel\\\/UCYFMlYJDUWPpBwI6geioPvw\"]},{\"@type\":\"Question\",\"@id\":\"https:\\\/\\\/bastardburgers.com\\\/shop\\\/faq\\\/#faq-question-1591696245706\",\"position\":1,\"url\":\"https:\\\/\\\/bastardburgers.com\\\/shop\\\/faq\\\/#faq-question-1591696245706\",\"name\":\"Vad kostar frakten?\",\"answerCount\":1,\"acceptedAnswer\":{\"@type\":\"Answer\",\"text\":\"Frakten med DB Schenker kostar 60 kronor.\",\"inLanguage\":\"sv-SE\"},\"inLanguage\":\"sv-SE\"},{\"@type\":\"Question\",\"@id\":\"https:\\\/\\\/bastardburgers.com\\\/shop\\\/faq\\\/#faq-question-1591696849542\",\"position\":2,\"url\":\"https:\\\/\\\/bastardburgers.com\\\/shop\\\/faq\\\/#faq-question-1591696849542\",\"name\":\"Hur l\u00e5ng leveranstid har ni?\",\"answerCount\":1,\"acceptedAnswer\":{\"@type\":\"Answer\",\"text\":\"Vi packar och skickar din best\u00e4llning fr\u00e5n Stockholm s\u00e5 snart vi kan. Max inom tre dagar.\",\"inLanguage\":\"sv-SE\"},\"inLanguage\":\"sv-SE\"},{\"@type\":\"Question\",\"@id\":\"https:\\\/\\\/bastardburgers.com\\\/shop\\\/faq\\\/#faq-question-1591696884021\",\"position\":3,\"url\":\"https:\\\/\\\/bastardburgers.com\\\/shop\\\/faq\\\/#faq-question-1591696884021\",\"name\":\"Vilken spedit\u00f6r anv\u00e4nder ni?\",\"answerCount\":1,\"acceptedAnswer\":{\"@type\":\"Answer\",\"text\":\"Vi skickar din best\u00e4llning med DB Schenker. Hitta ditt n\u00e4rmaste ombud h\u00e4r: <a href=\\\"https:\\\/\\\/www.dbschenker.com\\\/se-sv\\\/om-oss\\\/kundservice\\\/soek-ombud\\\">https:\\\/\\\/www.dbschenker.com\\\/se-sv\\\/om-oss\\\/kundservice\\\/soek-ombud<\\\/a>\",\"inLanguage\":\"sv-SE\"},\"inLanguage\":\"sv-SE\"},{\"@type\":\"Question\",\"@id\":\"https:\\\/\\\/bastardburgers.com\\\/shop\\\/faq\\\/#faq-question-1591698071224\",\"position\":4,\"url\":\"https:\\\/\\\/bastardburgers.com\\\/shop\\\/faq\\\/#faq-question-1591698071224\",\"name\":\"Hur fungerar returer och byten?\",\"answerCount\":1,\"acceptedAnswer\":{\"@type\":\"Answer\",\"text\":\"Bytt \u00e4r bytt och kommer aldrig igen. Nej d\u00e5, vi har 14 dagars returpolicy - du har r\u00e4tt att returnera varor 14 dagar efter leverans. Om du vill byta eller returnera en produkt, maila <a href=\\\"mailto:shop@bastardburgers.com\\\">shop@bastardburgers.com<\\\/a> s\u00e5 l\u00f6ser vi det. \",\"inLanguage\":\"sv-SE\"},\"inLanguage\":\"sv-SE\"},{\"@type\":\"Question\",\"@id\":\"https:\\\/\\\/bastardburgers.com\\\/shop\\\/faq\\\/#faq-question-1591698159303\",\"position\":5,\"url\":\"https:\\\/\\\/bastardburgers.com\\\/shop\\\/faq\\\/#faq-question-1591698159303\",\"name\":\"Hur \u00e4r storlekarna?\",\"answerCount\":1,\"acceptedAnswer\":{\"@type\":\"Answer\",\"text\":\"Kl\u00e4derna \u00e4r true to size och i herrstorlekar. \",\"inLanguage\":\"sv-SE\"},\"inLanguage\":\"sv-SE\"},{\"@type\":\"Question\",\"@id\":\"https:\\\/\\\/bastardburgers.com\\\/shop\\\/faq\\\/#faq-question-1591698290347\",\"position\":6,\"url\":\"https:\\\/\\\/bastardburgers.com\\\/shop\\\/faq\\\/#faq-question-1591698290347\",\"name\":\"Var tillverkas kl\u00e4derna och produkterna?\",\"answerCount\":1,\"acceptedAnswer\":{\"@type\":\"Answer\",\"text\":\"Under varje produkt hittar du material och ursprung. Hojta om du har fler fr\u00e5gor - maila <a rel=\\\"noreferrer noopener\\\" href=\\\"mailto:shop@bastardburgers.com\\\" target=\\\"_blank\\\">shop@bastardburgers.com<\\\/a>!\",\"inLanguage\":\"sv-SE\"},\"inLanguage\":\"sv-SE\"}]}<\/script>\n<!-- \/ Yoast SEO plugin. -->","yoast_head_json":{"title":"Support &#8212; Bastard Burgers - Shop","description":"F\u00e5 svar p\u00e5 vanliga fr\u00e5gor om frakt, returer, storlekar och leveranstid. Vi hj\u00e4lper dig med allt du undrar \u00f6ver, bara skicka ett mail.","robots":{"index":"index","follow":"follow","max-snippet":"max-snippet:-1","max-image-preview":"max-image-preview:large","max-video-preview":"max-video-preview:-1"},"canonical":"https:\/\/bastardburgers.com\/shop\/faq\/","og_locale":"sv_SE","og_type":"article","og_title":"Support &#8212; Bastard Burgers - Shop","og_description":"F\u00e5 svar p\u00e5 vanliga fr\u00e5gor om frakt, returer, storlekar och leveranstid. Vi hj\u00e4lper dig med allt du undrar \u00f6ver, bara skicka ett mail.","og_url":"https:\/\/bastardburgers.com\/shop\/faq\/","og_site_name":"Bastard Burgers - Shop","article_publisher":"https:\/\/www.facebook.com\/bastardburgers.com\/","article_modified_time":"2025-07-21T20:06:42+00:00","og_image":[{"width":1200,"height":630,"url":"https:\/\/bastardburgers.com\/wp-content\/uploads\/sites\/2\/2019\/08\/bb_fb_logo.jpg","type":"image\/jpeg"}],"twitter_card":"summary_large_image","twitter_image":"https:\/\/bastardburgers.com\/wp-content\/uploads\/sites\/2\/2019\/08\/bb_fb_logo.jpg","twitter_site":"@BastardBurgers","schema":{"@context":"https:\/\/schema.org","@graph":[{"@type":["WebPage","FAQPage"],"@id":"https:\/\/bastardburgers.com\/shop\/faq\/","url":"https:\/\/bastardburgers.com\/shop\/faq\/","name":"Support &#8212; Bastard Burgers - Shop","isPartOf":{"@id":"https:\/\/bastardburgers.com\/shop\/#website"},"datePublished":"2019-08-16T15:21:23+00:00","dateModified":"2025-07-21T20:06:42+00:00","description":"F\u00e5 svar p\u00e5 vanliga fr\u00e5gor om frakt, returer, storlekar och leveranstid. Vi hj\u00e4lper dig med allt du undrar \u00f6ver, bara skicka ett mail.","breadcrumb":{"@id":"https:\/\/bastardburgers.com\/shop\/faq\/#breadcrumb"},"mainEntity":[{"@id":"https:\/\/bastardburgers.com\/shop\/faq\/#faq-question-1591696245706"},{"@id":"https:\/\/bastardburgers.com\/shop\/faq\/#faq-question-1591696849542"},{"@id":"https:\/\/bastardburgers.com\/shop\/faq\/#faq-question-1591696884021"},{"@id":"https:\/\/bastardburgers.com\/shop\/faq\/#faq-question-1591698071224"},{"@id":"https:\/\/bastardburgers.com\/shop\/faq\/#faq-question-1591698159303"},{"@id":"https:\/\/bastardburgers.com\/shop\/faq\/#faq-question-1591698290347"}],"inLanguage":"sv-SE","potentialAction":[{"@type":"ReadAction","target":["https:\/\/bastardburgers.com\/shop\/faq\/"]}]},{"@type":"BreadcrumbList","@id":"https:\/\/bastardburgers.com\/shop\/faq\/#breadcrumb","itemListElement":[{"@type":"ListItem","position":1,"name":"Hem","item":"https:\/\/bastardburgers.com\/shop\/"},{"@type":"ListItem","position":2,"name":"Support"}]},{"@type":"WebSite","@id":"https:\/\/bastardburgers.com\/shop\/#website","url":"https:\/\/bastardburgers.com\/shop\/","name":"Bastard Burgers","description":"","publisher":{"@id":"https:\/\/bastardburgers.com\/shop\/#organization"},"potentialAction":[{"@type":"SearchAction","target":{"@type":"EntryPoint","urlTemplate":"https:\/\/bastardburgers.com\/shop\/?s={search_term_string}"},"query-input":{"@type":"PropertyValueSpecification","valueRequired":true,"valueName":"search_term_string"}}],"inLanguage":"sv-SE"},{"@type":"Organization","@id":"https:\/\/bastardburgers.com\/shop\/#organization","name":"Bastard Burgers","url":"https:\/\/bastardburgers.com\/shop\/","logo":{"@type":"ImageObject","inLanguage":"sv-SE","@id":"https:\/\/bastardburgers.com\/shop\/#\/schema\/logo\/image\/","url":"https:\/\/bastardburgers.com\/wp-content\/uploads\/sites\/2\/2019\/07\/bastardburgers-logo-black.png","contentUrl":"https:\/\/bastardburgers.com\/wp-content\/uploads\/sites\/2\/2019\/07\/bastardburgers-logo-black.png","width":500,"height":230,"caption":"Bastard Burgers"},"image":{"@id":"https:\/\/bastardburgers.com\/shop\/#\/schema\/logo\/image\/"},"sameAs":["https:\/\/www.facebook.com\/bastardburgers.com\/","https:\/\/x.com\/BastardBurgers","https:\/\/www.instagram.com\/bastardburgers.com\/","https:\/\/se.linkedin.com\/company\/bastard-burgers","https:\/\/www.youtube.com\/channel\/UCYFMlYJDUWPpBwI6geioPvw"]},{"@type":"Question","@id":"https:\/\/bastardburgers.com\/shop\/faq\/#faq-question-1591696245706","position":1,"url":"https:\/\/bastardburgers.com\/shop\/faq\/#faq-question-1591696245706","name":"Vad kostar frakten?","answerCount":1,"acceptedAnswer":{"@type":"Answer","text":"Frakten med DB Schenker kostar 60 kronor.","inLanguage":"sv-SE"},"inLanguage":"sv-SE"},{"@type":"Question","@id":"https:\/\/bastardburgers.com\/shop\/faq\/#faq-question-1591696849542","position":2,"url":"https:\/\/bastardburgers.com\/shop\/faq\/#faq-question-1591696849542","name":"Hur l\u00e5ng leveranstid har ni?","answerCount":1,"acceptedAnswer":{"@type":"Answer","text":"Vi packar och skickar din best\u00e4llning fr\u00e5n Stockholm s\u00e5 snart vi kan. Max inom tre dagar.","inLanguage":"sv-SE"},"inLanguage":"sv-SE"},{"@type":"Question","@id":"https:\/\/bastardburgers.com\/shop\/faq\/#faq-question-1591696884021","position":3,"url":"https:\/\/bastardburgers.com\/shop\/faq\/#faq-question-1591696884021","name":"Vilken spedit\u00f6r anv\u00e4nder ni?","answerCount":1,"acceptedAnswer":{"@type":"Answer","text":"Vi skickar din best\u00e4llning med DB Schenker. Hitta ditt n\u00e4rmaste ombud h\u00e4r: <a href=\"https:\/\/www.dbschenker.com\/se-sv\/om-oss\/kundservice\/soek-ombud\">https:\/\/www.dbschenker.com\/se-sv\/om-oss\/kundservice\/soek-ombud<\/a>","inLanguage":"sv-SE"},"inLanguage":"sv-SE"},{"@type":"Question","@id":"https:\/\/bastardburgers.com\/shop\/faq\/#faq-question-1591698071224","position":4,"url":"https:\/\/bastardburgers.com\/shop\/faq\/#faq-question-1591698071224","name":"Hur fungerar returer och byten?","answerCount":1,"acceptedAnswer":{"@type":"Answer","text":"Bytt \u00e4r bytt och kommer aldrig igen. Nej d\u00e5, vi har 14 dagars returpolicy - du har r\u00e4tt att returnera varor 14 dagar efter leverans. Om du vill byta eller returnera en produkt, maila <a href=\"mailto:shop@bastardburgers.com\">shop@bastardburgers.com<\/a> s\u00e5 l\u00f6ser vi det. ","inLanguage":"sv-SE"},"inLanguage":"sv-SE"},{"@type":"Question","@id":"https:\/\/bastardburgers.com\/shop\/faq\/#faq-question-1591698159303","position":5,"url":"https:\/\/bastardburgers.com\/shop\/faq\/#faq-question-1591698159303","name":"Hur \u00e4r storlekarna?","answerCount":1,"acceptedAnswer":{"@type":"Answer","text":"Kl\u00e4derna \u00e4r true to size och i herrstorlekar. ","inLanguage":"sv-SE"},"inLanguage":"sv-SE"},{"@type":"Question","@id":"https:\/\/bastardburgers.com\/shop\/faq\/#faq-question-1591698290347","position":6,"url":"https:\/\/bastardburgers.com\/shop\/faq\/#faq-question-1591698290347","name":"Var tillverkas kl\u00e4derna och produkterna?","answerCount":1,"acceptedAnswer":{"@type":"Answer","text":"Under varje produkt hittar du material och ursprung. Hojta om du har fler fr\u00e5gor - maila <a rel=\"noreferrer noopener\" href=\"mailto:shop@bastardburgers.com\" target=\"_blank\">shop@bastardburgers.com<\/a>!","inLanguage":"sv-SE"},"inLanguage":"sv-SE"}]}},"_links":{"self":[{"href":"https:\/\/bastardburgers.com\/shop\/wp-json\/wp\/v2\/pages\/165","targetHints":{"allow":["GET"]}}],"collection":[{"href":"https:\/\/bastardburgers.com\/shop\/wp-json\/wp\/v2\/pages"}],"about":[{"href":"https:\/\/bastardburgers.com\/shop\/wp-json\/wp\/v2\/types\/page"}],"author":[{"embeddable":true,"href":"https:\/\/bastardburgers.com\/shop\/wp-json\/wp\/v2\/users\/2"}],"replies":[{"embeddable":true,"href":"https:\/\/bastardburgers.com\/shop\/wp-json\/wp\/v2\/comments?post=165"}],"version-history":[{"count":33,"href":"https:\/\/bastardburgers.com\/shop\/wp-json\/wp\/v2\/pages\/165\/revisions"}],"predecessor-version":[{"id":3755,"href":"https:\/\/bastardburgers.com\/shop\/wp-json\/wp\/v2\/pages\/165\/revisions\/3755"}],"wp:attachment":[{"href":"https:\/\/bastardburgers.com\/shop\/wp-json\/wp\/v2\/media?parent=165"}],"curies":[{"name":"wp","href":"https:\/\/api.w.org\/{rel}","templated":true}]}}